{"id":5,"date":"2024-01-18T09:12:33","date_gmt":"2024-01-18T08:12:33","guid":{"rendered":"https:\/\/wordpress02.gcms.verdigado.net\/gruene-radolfshausen\/?page_id=5"},"modified":"2026-02-10T09:41:05","modified_gmt":"2026-02-10T08:41:05","slug":"startseite","status":"publish","type":"page","link":"https:\/\/gruene-radolfshausen.de\/","title":{"rendered":"Startseite"},"content":{"rendered":"\n<div class=\"wp-block-cover is-light\" style=\"min-height:519px;aspect-ratio:unset;\"><img decoding=\"async\" class=\"wp-block-cover__image-background wp-image-382\" alt=\"\" src=\"https:\/\/sunflower-theme.de\/demo\/wp-content\/uploads\/sites\/6\/2021\/03\/matthias-oberholzer-gM5msl7rP2k-unsplash_s_crop-4.jpg\" style=\"object-position:52% 17%\" data-object-fit=\"cover\" data-object-position=\"52% 17%\"\/><span aria-hidden=\"true\" class=\"wp-block-cover__background has-background-dim-20 has-background-dim\"><\/span><div class=\"wp-block-cover__inner-container is-layout-flow wp-block-cover-is-layout-flow\">\n<h1 class=\"wp-block-heading has-text-align-center no-link has-sand-color has-text-color has-link-color wp-elements-979d983e9ef9a602f7eb597d20248194\"><a href=\"#first-content\" data-type=\"internal\" data-id=\"#first-content\">Gemeinsam f\u00fcr ein Gr\u00fcnes Radolfshausen<\/a><\/h1>\n<\/div><\/div>\n\n\n\n<div class=\"wp-block-group is-layout-flow wp-block-group-is-layout-flow\">\n<div class=\"wp-block-columns is-layout-flex wp-container-core-columns-is-layout-9d6595d7 wp-block-columns-is-layout-flex\">\n<div class=\"wp-block-column is-layout-flow wp-block-column-is-layout-flow\">\n<h2 class=\"wp-block-heading h1\" id=\"first-content\">Herzlich Willkommen<\/h2>\n\n\n\n<h3 class=\"wp-block-heading h4\"><\/h3>\n<\/div>\n<\/div>\n\n\n\n<figure class=\"wp-block-gallery has-nested-images columns-default is-cropped wp-block-gallery-1 is-layout-flex wp-block-gallery-is-layout-flex\">\n<figure class=\"wp-block-image size-large\"><img loading=\"lazy\" decoding=\"async\" width=\"1024\" height=\"724\" data-id=\"310\" src=\"https:\/\/gruene-radolfshausen.de\/wp-content\/uploads\/sites\/257\/2026\/02\/KommunalKandidatensuche-1024x724.jpg\" alt=\"\" class=\"wp-image-310\" srcset=\"https:\/\/gruene-radolfshausen.de\/wp-content\/uploads\/sites\/257\/2026\/02\/KommunalKandidatensuche-1024x724.jpg 1024w, https:\/\/gruene-radolfshausen.de\/wp-content\/uploads\/sites\/257\/2026\/02\/KommunalKandidatensuche-300x212.jpg 300w, https:\/\/gruene-radolfshausen.de\/wp-content\/uploads\/sites\/257\/2026\/02\/KommunalKandidatensuche-768x543.jpg 768w, https:\/\/gruene-radolfshausen.de\/wp-content\/uploads\/sites\/257\/2026\/02\/KommunalKandidatensuche-1536x1086.jpg 1536w, https:\/\/gruene-radolfshausen.de\/wp-content\/uploads\/sites\/257\/2026\/02\/KommunalKandidatensuche-2048x1448.jpg 2048w\" sizes=\"auto, (max-width: 1024px) 100vw, 1024px\" \/><\/figure>\n<\/figure>\n\n\n\n<h2 class=\"wp-block-heading\"><\/h2>\n\n\n\n<div class=\"wp-block-columns is-layout-flex wp-container-core-columns-is-layout-9d6595d7 wp-block-columns-is-layout-flex\">\n<div class=\"wp-block-column is-layout-flow wp-block-column-is-layout-flow\" style=\"flex-basis:66.66%\">\n<figure class=\"wp-block-image size-full\"><img loading=\"lazy\" decoding=\"async\" width=\"940\" height=\"788\" src=\"https:\/\/gruene-radolfshausen.de\/wp-content\/uploads\/sites\/257\/2025\/03\/Kopie-von-Kopie-von-Roll-up-OV_final-Facebook-Post-1.png\" alt=\"\" class=\"wp-image-227\" srcset=\"https:\/\/gruene-radolfshausen.de\/wp-content\/uploads\/sites\/257\/2025\/03\/Kopie-von-Kopie-von-Roll-up-OV_final-Facebook-Post-1.png 940w, https:\/\/gruene-radolfshausen.de\/wp-content\/uploads\/sites\/257\/2025\/03\/Kopie-von-Kopie-von-Roll-up-OV_final-Facebook-Post-1-300x251.png 300w, https:\/\/gruene-radolfshausen.de\/wp-content\/uploads\/sites\/257\/2025\/03\/Kopie-von-Kopie-von-Roll-up-OV_final-Facebook-Post-1-768x644.png 768w\" sizes=\"auto, (max-width: 940px) 100vw, 940px\" \/><\/figure>\n<\/div>\n\n\n\n<div class=\"wp-block-column is-layout-flow wp-block-column-is-layout-flow\" style=\"flex-basis:50%\">\n<p>Wir, die Gr\u00fcnen Radolfshausen, setzen uns aktiv f\u00fcr eine nachhaltige, gerechte und lebenswerte Zukunft in unserer Region ein. Gemeinsam gestalten wir die lokale Politik, um \u00f6kologische und soziale Themen voranzubringen \u2013 von Klimaschutz und Mobilit\u00e4t \u00fcber Naturschutz bis hin zu sozialer Gerechtigkeit.<\/p>\n\n\n\n<p>Ob bei kommunalen Entscheidungen, in der Unterst\u00fctzung von B\u00fcrgerinitiativen oder im Engagement f\u00fcr eine gerechtere Gesellschaft \u2013 wir machen uns stark f\u00fcr die Anliegen der Menschen vor Ort und stehen f\u00fcr eine offene, solidarische und nachhaltige Politik.<\/p>\n\n\n\n<p>Informiere dich hier \u00fcber unsere Arbeit, anstehende Veranstaltungen und wie du mit dabei sein kannst. Gemeinsam k\u00f6nnen wir die Zukunft Radolfshausens gestalten &#8211; lebenswert und nachhaltig.<\/p>\n<\/div>\n<\/div>\n\n\n\n<div class=\"wp-block-columns is-layout-flex wp-container-core-columns-is-layout-9d6595d7 wp-block-columns-is-layout-flex\">\n<div class=\"wp-block-column is-layout-flow wp-block-column-is-layout-flow\"><\/div>\n<\/div>\n\n\n\n<h2 class=\"wp-block-heading\"><\/h2>\n\n\n\n<figure class=\"wp-block-image size-full is-resized\"><img loading=\"lazy\" decoding=\"async\" width=\"940\" height=\"788\" src=\"https:\/\/gruene-radolfshausen.de\/wp-content\/uploads\/sites\/257\/2026\/02\/Kopie-von-Kopie-von-Roll-up-OV_final-Facebook-Post-2.png\" alt=\"\" class=\"wp-image-304\" style=\"aspect-ratio:1.1934346910825397;width:502px;height:auto\" srcset=\"https:\/\/gruene-radolfshausen.de\/wp-content\/uploads\/sites\/257\/2026\/02\/Kopie-von-Kopie-von-Roll-up-OV_final-Facebook-Post-2.png 940w, https:\/\/gruene-radolfshausen.de\/wp-content\/uploads\/sites\/257\/2026\/02\/Kopie-von-Kopie-von-Roll-up-OV_final-Facebook-Post-2-300x251.png 300w, https:\/\/gruene-radolfshausen.de\/wp-content\/uploads\/sites\/257\/2026\/02\/Kopie-von-Kopie-von-Roll-up-OV_final-Facebook-Post-2-768x644.png 768w\" sizes=\"auto, (max-width: 940px) 100vw, 940px\" \/><\/figure>\n\n\n\n<h2 class=\"wp-block-heading has-text-align-left h1\">Unsere Themen<\/h2>\n\n\n\n<div class=\"wp-block-columns is-layout-flex wp-container-core-columns-is-layout-9d6595d7 wp-block-columns-is-layout-flex\">\n<div class=\"wp-block-column is-layout-flow wp-block-column-is-layout-flow\">\n<figure class=\"wp-block-image size-large is-style-default\"><img loading=\"lazy\" decoding=\"async\" width=\"1024\" height=\"683\" src=\"https:\/\/gruene-radolfshausen.de\/wp-content\/uploads\/sites\/257\/2024\/10\/wheat-g03cfe113a_1920-1024x683.jpg\" alt=\"\" class=\"wp-image-93\" srcset=\"https:\/\/gruene-radolfshausen.de\/wp-content\/uploads\/sites\/257\/2024\/10\/wheat-g03cfe113a_1920-1024x683.jpg 1024w, https:\/\/gruene-radolfshausen.de\/wp-content\/uploads\/sites\/257\/2024\/10\/wheat-g03cfe113a_1920-300x200.jpg 300w, https:\/\/gruene-radolfshausen.de\/wp-content\/uploads\/sites\/257\/2024\/10\/wheat-g03cfe113a_1920-768x512.jpg 768w, https:\/\/gruene-radolfshausen.de\/wp-content\/uploads\/sites\/257\/2024\/10\/wheat-g03cfe113a_1920-1536x1024.jpg 1536w, https:\/\/gruene-radolfshausen.de\/wp-content\/uploads\/sites\/257\/2024\/10\/wheat-g03cfe113a_1920.jpg 1920w\" sizes=\"auto, (max-width: 1024px) 100vw, 1024px\" \/><\/figure>\n\n\n\n<h4 class=\"wp-block-heading h2 mt-4\">Ukraine<\/h4>\n\n\n\n<p>Der Gr\u00fcne Ortsverband Radolfshausen steht fest an der Seite der Ukraine und unterst\u00fctzt die ukrainische Bev\u00f6lkerung in ihrem Streben nach Freiheit, Demokratie und Frieden. Der Angriffskrieg Russlands auf die Ukraine ist ein klarer Bruch des V\u00f6lkerrechts und eine Bedrohung f\u00fcr die europ\u00e4ische Friedensordnung.<\/p>\n\n\n\n<div class=\"wp-block-buttons is-layout-flex wp-block-buttons-is-layout-flex\">\n<div class=\"wp-block-button\"><a class=\"wp-block-button__link wp-element-button\" href=\"https:\/\/www.gruene.de\/artikel\/volle-solidaritaet-mit-der-ukraine\">Mehr erfahren<\/a><\/div>\n<\/div>\n<\/div>\n\n\n\n<div class=\"wp-block-column is-layout-flow wp-block-column-is-layout-flow\">\n<figure class=\"wp-block-image size-full\"><img loading=\"lazy\" decoding=\"async\" width=\"750\" height=\"500\" src=\"https:\/\/gruene-radolfshausen.de\/wp-content\/uploads\/sites\/257\/2025\/03\/Malorny-via-GettyImages-1270403266.avif\" alt=\"\" class=\"wp-image-239\" srcset=\"https:\/\/gruene-radolfshausen.de\/wp-content\/uploads\/sites\/257\/2025\/03\/Malorny-via-GettyImages-1270403266.avif 750w, https:\/\/gruene-radolfshausen.de\/wp-content\/uploads\/sites\/257\/2025\/03\/Malorny-via-GettyImages-1270403266-300x200.jpg 300w\" sizes=\"auto, (max-width: 750px) 100vw, 750px\" \/><\/figure>\n\n\n\n<h4 class=\"wp-block-heading h2 mt-4\">Klima<\/h4>\n\n\n\n<p>F\u00fcr uns Gr\u00fcne Radolfshausen steht Klimaschutz an erster Stelle. Wir setzen uns f\u00fcr eine nachhaltige Energieversorgung, den Ausbau erneuerbarer Energien und eine umweltfreundliche Mobilit\u00e4t ein. Nur durch konsequentes Handeln auf lokaler Ebene k\u00f6nnen wir die Klimakrise bew\u00e4ltigen und unsere Region zukunftssicher gestalten.<\/p>\n\n\n\n<div class=\"wp-block-buttons is-layout-flex wp-block-buttons-is-layout-flex\">\n<div class=\"wp-block-button\"><a class=\"wp-block-button__link wp-element-button\" href=\"https:\/\/www.gruene.de\/themen\/klima-sch%C3%BCtzen\">Mehr erfahren<\/a><\/div>\n<\/div>\n<\/div>\n\n\n\n<div class=\"wp-block-column is-layout-flow wp-block-column-is-layout-flow\">\n<figure class=\"wp-block-image size-large\"><img decoding=\"async\" src=\"https:\/\/sunflower-theme.de\/demo\/wp-content\/uploads\/sites\/6\/2021\/01\/sibirische-schwertlilie-schaaren-5220111-1024x768.jpg\" alt=\"Sibirische Schwertlilie Schaaren  - xat-ch \/ Pixabay\" class=\"wp-image-108\"\/><\/figure>\n\n\n\n<h4 class=\"wp-block-heading h2 mt-4\">Umwelt<\/h4>\n\n\n\n<p>Die Gr\u00fcnen Radolfshausen engagieren sich f\u00fcr den Schutz unserer einzigartigen Natur.Der Erhalt von Artenvielfalt, sauberen Gew\u00e4ssern und gesunden B\u00f6den ist die Grundlage f\u00fcr eine lebenswerte Zukunft. Gemeinsam setzen wir uns f\u00fcr nachhaltige L\u00f6sungen ein, die Mensch und Umwelt in Einklang bringen.<\/p>\n\n\n\n<div class=\"wp-block-buttons is-layout-flex wp-block-buttons-is-layout-flex\">\n<div class=\"wp-block-button\"><a class=\"wp-block-button__link wp-element-button\" href=\"https:\/\/www.gruene.de\/themen\/umwelt-und-natur-sch%C3%BCtzen\">Mehr erfahren<\/a><\/div>\n<\/div>\n<\/div>\n<\/div>\n\n\n\n<h2 class=\"wp-block-heading\"><\/h2>\n\n\n\n<h1 class=\"wp-block-heading\">Unser Programm f\u00fcr Radolfshausen<\/h1>\n\n\n\n<h2 class=\"wp-block-heading\"><\/h2>\n\n\n\n<div class=\"wp-block-columns is-layout-flex wp-container-core-columns-is-layout-9d6595d7 wp-block-columns-is-layout-flex\">\n<div class=\"wp-block-column is-layout-flow wp-block-column-is-layout-flow\">\n<figure class=\"wp-block-image size-large\"><img decoding=\"async\" src=\"https:\/\/sunflower-theme.de\/demo\/wp-content\/uploads\/sites\/6\/2021\/03\/jan-huber-4OhFZSAT3sw-unsplash_red-1024x620.jpg\" alt=\"\" class=\"wp-image-337\"\/><\/figure>\n<\/div>\n\n\n\n<div class=\"wp-block-column is-vertically-aligned-center is-layout-flow wp-block-column-is-layout-flow\">\n<p>Wir Gr\u00fcne Radolfshausen arbeiten engagiert an einer nachhaltigen und zukunftsorientierten Politik f\u00fcr unsere Samtgemeinde. <br><a href=\"https:\/\/gruene-radolfshausen.de\/unsere-vertretung-in-der-samtgemeinde\/\">weiterlesen<\/a><\/p>\n\n\n\n<p><\/p>\n<\/div>\n<\/div>\n\n\n\n<h2 class=\"wp-block-heading\"><\/h2>\n\n\n\n<h2 class=\"wp-block-heading has-text-align-center h1\">Werde aktiv<\/h2>\n\n\n\n<p class=\"has-text-align-center\">Lust mitzumachen? Wir treffen uns regelm\u00e4\u00dfig und freuen uns \u00fcber neue Gesichter. <\/p>\n\n\n\n<div class=\"wp-block-buttons is-horizontal is-content-justification-center is-layout-flex wp-container-core-buttons-is-layout-499968f5 wp-block-buttons-is-layout-flex\">\n<div class=\"wp-block-button\"><a class=\"wp-block-button__link wp-element-button\" href=\"https:\/\/gruene-radolfshausen.de\/?post_type=sunflower_event\">Termine<\/a><\/div>\n\n\n\n<div class=\"wp-block-button\"><a class=\"wp-block-button__link wp-element-button\" href=\"https:\/\/gruene-radolfshausen.de\/?page_id=128\">Spenden<\/a><\/div>\n\n\n\n<div class=\"wp-block-button\"><a class=\"wp-block-button__link wp-element-button\" href=\"https:\/\/www.gruene.de\/mitglied-werden\">Mitglied werden<\/a><\/div>\n<\/div>\n<\/div>\n\n\n\n<p><\/p>\n","protected":false},"excerpt":{"rendered":"<p>Herzlich Willkommen Wir, die Gr\u00fcnen Radolfshausen, setzen uns aktiv f\u00fcr eine nachhaltige, gerechte und lebenswerte Zukunft in unserer Region ein. Gemeinsam gestalten wir die lokale Politik, um \u00f6kologische und soziale [&hellip;]<\/p>\n","protected":false},"author":3,"featured_media":0,"parent":0,"menu_order":0,"comment_status":"closed","ping_status":"closed","template":"","meta":{"footnotes":""},"class_list":["post-5","page","type-page","status-publish","hentry"],"_links":{"self":[{"href":"https:\/\/gruene-radolfshausen.de\/index.php?rest_route=\/wp\/v2\/pages\/5","targetHints":{"allow":["GET"]}}],"collection":[{"href":"https:\/\/gruene-radolfshausen.de\/index.php?rest_route=\/wp\/v2\/pages"}],"about":[{"href":"https:\/\/gruene-radolfshausen.de\/index.php?rest_route=\/wp\/v2\/types\/page"}],"author":[{"embeddable":true,"href":"https:\/\/gruene-radolfshausen.de\/index.php?rest_route=\/wp\/v2\/users\/3"}],"replies":[{"embeddable":true,"href":"https:\/\/gruene-radolfshausen.de\/index.php?rest_route=%2Fwp%2Fv2%2Fcomments&post=5"}],"version-history":[{"count":42,"href":"https:\/\/gruene-radolfshausen.de\/index.php?rest_route=\/wp\/v2\/pages\/5\/revisions"}],"predecessor-version":[{"id":311,"href":"https:\/\/gruene-radolfshausen.de\/index.php?rest_route=\/wp\/v2\/pages\/5\/revisions\/311"}],"wp:attachment":[{"href":"https:\/\/gruene-radolfshausen.de\/index.php?rest_route=%2Fwp%2Fv2%2Fmedia&parent=5"}],"curies":[{"name":"wp","href":"https:\/\/api.w.org\/{rel}","templated":true}]}}